{"id":879,"date":"2023-01-11T13:52:05","date_gmt":"2023-01-11T12:52:05","guid":{"rendered":"http:\/\/portskill.de\/?page_id=879"},"modified":"2023-01-11T13:54:26","modified_gmt":"2023-01-11T12:54:26","slug":"impressum","status":"publish","type":"page","link":"https:\/\/portskill.de\/index.php\/impressum\/","title":{"rendered":"Impressum"},"content":{"rendered":"<div id='av_section_1'  class='avia-section av-sz4dj-85af60193fba32de67e1a55c114a29d8 main_color avia-section-default avia-no-border-styling  avia-builder-el-0  avia-builder-el-no-sibling  avia-bg-style-scroll container_wrap sidebar_right'  ><div class='container av-section-cont-open' ><main  role=\"main\" itemprop=\"mainContentOfPage\"  class='template-page content  av-content-small alpha units'><div class='post-entry post-entry-type-page post-entry-879'><div class='entry-content-wrapper clearfix'>\n<div  class='flex_column av-l3a0f-dee30d601e4cb8a1e94896d1bf280c5e av_one_half  avia-builder-el-1  el_before_av_one_half  avia-builder-el-first  first flex_column_div  '     ><section  class='av_textblock_section av-lcrntmti-23b99774e6425f6084317e8fa30361f8 '   itemscope=\"itemscope\" itemtype=\"https:\/\/schema.org\/CreativeWork\" ><div class='avia_textblock'  itemprop=\"text\" ><p><strong>Angaben gem\u00e4\u00df \u00a7 5 TMG<\/strong><\/p>\n<p>ma-co maritimes competenzcentrum GmbH<br \/>\nK\u00f6hlbranddeich 30<br \/>\n20457 Hamburg<br \/>\nTel. +49 (0)40 75 60 82-0<br \/>\nFax: +49 (0)40 75 60 82-620<br \/>\nE-Mail: info@ma-co.de<\/p>\n<p>Gesch\u00e4ftsf\u00fchrung: Gerrit K\u00fcther<\/p>\n<\/div><\/section><\/div><div  class='flex_column av-cw83j-3fe2a27c3c5eb3a7aa431334b3206359 av_one_half  avia-builder-el-3  el_after_av_one_half  el_before_av_one_full  flex_column_div  '     ><section  class='av_textblock_section av-lcrnu1b9-62e857284d152259a689b4dc4138515e '   itemscope=\"itemscope\" itemtype=\"https:\/\/schema.org\/CreativeWork\" ><div class='avia_textblock'  itemprop=\"text\" ><p>Handelsregisternummer: Hamburg, HRB 118746<br \/>\nSteuernummer: 17\/453\/02684<br \/>\nUmsatzsteueridentifikationsnummer: DE 277818320<\/p>\n<p>Inhaltlich Verantwortlicher gem\u00e4\u00df \u00a7 55 Abs. 2 RStV:<br \/>\nGerrit K\u00fcther<\/p>\n<p>Technische Umsetzung: Christopher Schiewelbein \/ ma-co<\/p>\n<p>Redaktionelle Unterst\u00fctzung,\u00a0<a href=\"http:\/\/der-internet-redakteur.de\/dienstleistungen\/suchmaschinenoptimierung-seo-fulda\/\" target=\"_blank\" rel=\"noopener\">Suchmaschinenoptimierung<\/a>\u00a0und\u00a0<a href=\"http:\/\/der-internet-redakteur.de\/dienstleistungen\/online-pressetexte-fulda\/\" target=\"_blank\" rel=\"noopener\">Online-PR<\/a>:\u00a0<a title=\"Online-PR, Online-Marketing und Content-Marketing vom Internet-Redakteur\" href=\"http:\/\/der-internet-redakteur.de\/\" target=\"_blank\" rel=\"noopener\">Thomas Noll \u2013 Der Internet-Redakteur<\/a><\/p>\n<\/div><\/section><\/div><div  class='flex_column av-lcrnuwo5-88202cfc22ab3bb979fc86ab7b3db6b3 av_one_full  avia-builder-el-5  el_after_av_one_half  avia-builder-el-last  first flex_column_div  column-top-margin'     ><section  class='av_textblock_section av-lcrnvgo3-060f8ceadb7eeb045eec60315a7ecf56 '   itemscope=\"itemscope\" itemtype=\"https:\/\/schema.org\/CreativeWork\" ><div class='avia_textblock'  itemprop=\"text\" ><p>Hinweis: Namentlich gekennzeichnete Beitr\u00e4ge auf dieser Internetseite geben lediglich die Meinung des Verfassers wieder, nicht die Meinung des Seitenbetreibers. Es kann keine Gew\u00e4hr f\u00fcr Informationen \u00fcbernommen werden, die \u00fcber weiterf\u00fchrende Links auf fremden Internetseiten erreicht werden. Die Verweise durch Hyperlinks auf Inhalte fremder Webseiten dienen lediglich der Information.<\/p>\n<p>Die Verantwortlichkeit f\u00fcr diese fremden Inhalte liegt alleine bei dem Anbieter, der die Inhalte bereith\u00e4lt. Vor dem Einrichten des entsprechenden Verweises wurden die Web-Seiten der anderen Anbieter \u00fcberpr\u00fcft. Es kann jedoch keine Gew\u00e4hr f\u00fcr die Informationen \u00fcbernommen werden, die \u00fcber weiterf\u00fchrende Hyperlinks erreicht werden. Der Inhalt der anderen Web-Seiten kann jederzeit ohne Wissen des Betreibers der Internetseite ma-co maritimes competenzcentrum GmbH ge\u00e4ndert werden.<\/p>\n<p>F\u00fcr s\u00e4mtliche Links auf diesen Seiten gilt: Der Betreiber dieser Seite hat keinen Einfluss auf die Gestaltung und die Inhalte der durch Link von dieser Homepage aus erreichbaren Seiten anderer Anbieter und hat sich deren Inhalt nicht zu eigen gemacht. Diese Erkl\u00e4rung gilt f\u00fcr alle Seiten dieser Homepage und die dort angebrachten Links.<br \/>\nma-co maritimes competenzcentrum GmbH kann keine Zusicherungen hinsichtlich der Inhalte der mit der vorliegenden Internetseite oder den verkn\u00fcpften Internetseiten abgeben. ma-co maritimes competenzcentrum GmbH ist in keinem Falle verantwortlich f\u00fcr die Genauigkeit, die Einhaltung der Urheberrechtsbestimmungen, die Rechtm\u00e4\u00dfigkeit und die Sittlichkeit der Materialien, die sich auf den im Verzeichnis oder in den Beitr\u00e4gen aufgef\u00fchrten Internetseiten befinden. Bei Bekanntwerden von Rechtsverletzungen wird die ma-co maritimes competenzcentrum GmbH derartige Links umgehend entfernen.<\/p>\n<\/div><\/section><\/div><\/div><\/div><\/main><!-- close content main element --><\/div><\/div><div id='after_section_1'  class='main_color av_default_container_wrap container_wrap sidebar_right'  ><div class='container av-section-cont-open' ><div class='template-page content  av-content-small alpha units'><div class='post-entry post-entry-type-page post-entry-879'><div class='entry-content-wrapper clearfix'>\n","protected":false},"excerpt":{"rendered":"","protected":false},"author":3,"featured_media":0,"parent":0,"menu_order":0,"comment_status":"closed","ping_status":"closed","template":"","meta":{"footnotes":""},"class_list":["post-879","page","type-page","status-publish","hentry"],"_links":{"self":[{"href":"https:\/\/portskill.de\/index.php\/wp-json\/wp\/v2\/pages\/879","targetHints":{"allow":["GET"]}}],"collection":[{"href":"https:\/\/portskill.de\/index.php\/wp-json\/wp\/v2\/pages"}],"about":[{"href":"https:\/\/portskill.de\/index.php\/wp-json\/wp\/v2\/types\/page"}],"author":[{"embeddable":true,"href":"https:\/\/portskill.de\/index.php\/wp-json\/wp\/v2\/users\/3"}],"replies":[{"embeddable":true,"href":"https:\/\/portskill.de\/index.php\/wp-json\/wp\/v2\/comments?post=879"}],"version-history":[{"count":3,"href":"https:\/\/portskill.de\/index.php\/wp-json\/wp\/v2\/pages\/879\/revisions"}],"predecessor-version":[{"id":884,"href":"https:\/\/portskill.de\/index.php\/wp-json\/wp\/v2\/pages\/879\/revisions\/884"}],"wp:attachment":[{"href":"https:\/\/portskill.de\/index.php\/wp-json\/wp\/v2\/media?parent=879"}],"curies":[{"name":"wp","href":"https:\/\/api.w.org\/{rel}","templated":true}]}}