{"id":885,"date":"2023-01-11T13:56:49","date_gmt":"2023-01-11T12:56:49","guid":{"rendered":"http:\/\/portskill.de\/?page_id=885"},"modified":"2023-01-11T13:56:50","modified_gmt":"2023-01-11T12:56:50","slug":"datenschutz","status":"publish","type":"page","link":"https:\/\/portskill.de\/index.php\/datenschutz\/","title":{"rendered":"Datenschutz"},"content":{"rendered":"<section  class='av_textblock_section av-lcro1e3v-cf26c58eb0cae531240081dce3a559a1 '   itemscope=\"itemscope\" itemtype=\"https:\/\/schema.org\/CreativeWork\" ><div class='avia_textblock'  itemprop=\"text\" ><p><strong>Datenschutzhinweis<\/strong><\/p>\n<p>Wenn Sie auf unsere Webseite zugreifen, werden automatisch Informationen allgemeiner Natur erfasst. Diese Informationen (Server-Logfiles) beinhalten etwa die Art des Webbrowsers, das verwendete Betriebssystem, den Domainnamen Ihres Internet Service Providers und \u00c4hnliches. Hierbei handelt es sich ausschlie\u00dflich um Informationen, welche keine R\u00fcckschl\u00fcsse auf Ihre Person zulassen. Diese Informationen sind technisch notwendig, um von Ihnen angeforderte Inhalte von Webseiten korrekt auszuliefern und fallen bei Nutzung des Internets zwingend an. Anonyme Informationen dieser Art werden von uns statistisch ausgewertet, um unseren Internetauftritt und die dahinter stehende Technik zu optimieren.<\/p>\n<p><strong>Datenschutzbeauftragter<\/strong><\/p>\n<p>Dipl.-Inform. Tobias Mau\u00df<br \/>\nMau\u00df Datenschutz GmbH<br \/>\nE-Mail:\u00a0<a href=\"mailto:datenschutz@datenschutzbeauftragter-hamburg.de\">datenschutz@datenschutzbeauftragter-hamburg.de<\/a><br \/>\nTelefon: 040 \/ 999 99 52 \u2013 0<br \/>\nTelefax: 040 \/ 999 99 52 \u2013 99<br \/>\nPostanschrift: Neuer Wall 10, 20359 Hamburg<\/p>\n<p><strong>Cookies<\/strong><\/p>\n<p>Wie viele andere Webseiten verwenden wir auch so genannte \u201eCookies\u201c. Cookies sind kleine Textdateien, die von einem Webseitenserver auf Ihre Festplatte \u00fcbertragen werden. Hierdurch erhalten wir automatisch bestimmte Daten wie z. B. IP-Adresse, verwendeter Browser, Betriebssystem \u00fcber Ihren Computer und Ihre Verbindung zum Internet.<\/p>\n<p>Cookies k\u00f6nnen nicht verwendet werden, um Programme zu starten oder Viren auf einen Computer zu \u00fcbertragen. Anhand der in Cookies enthaltenen Informationen k\u00f6nnen wir Ihnen die Navigation erleichtern und die korrekte Anzeige unserer Webseiten erm\u00f6glichen.<\/p>\n<p>In keinem Fall werden die von uns erfassten Daten an Dritte weitergegeben oder ohne Ihre Einwilligung eine Verkn\u00fcpfung mit personenbezogenen Daten hergestellt.<\/p>\n<p>Nat\u00fcrlich k\u00f6nnen Sie unsere Website grunds\u00e4tzlich auch ohne Cookies betrachten. Internet-Browser sind regelm\u00e4\u00dfig so eingestellt, dass sie Cookies akzeptieren. Sie k\u00f6nnen die Verwendung von Cookies jederzeit \u00fcber die Einstellungen Ihres Browsers deaktivieren. Bitte verwenden Sie die Hilfefunktionen Ihres Internetbrowsers, um zu erfahren, wie Sie diese Einstellungen \u00e4ndern k\u00f6nnen. Bitte beachten Sie, dass einzelne Funktionen unserer Website m\u00f6glicherweise nicht funktionieren, wenn Sie die Verwendung von Cookies deaktiviert haben.<\/p>\n<div class=\"BorlabsCookie\">\n<h3 class=\"_brlbs _brlbs-cg-essential\">Essenziell<\/h3>\n<p class=\"_brlbs _brlbs-cg-essential\">Essenzielle Cookies erm\u00f6glichen grundlegende Funktionen und sind f\u00fcr die einwandfreie Funktion der Website erforderlich.<\/p>\n<h4 class=\"_brlbs _brlbs-c-borlabs-cookie\">Borlabs Cookie<\/h4>\n<div class=\"_brlbs-responsive-table\">\n<table class=\"_brlbs _brlbs-c-borlabs-cookie\">\n<tbody>\n<tr>\n<th scope=\"row\">Name<\/th>\n<td>Borlabs Cookie<\/td>\n<\/tr>\n<tr>\n<th scope=\"row\">Anbieter<\/th>\n<td>Eigent\u00fcmer dieser Website,\u00a0<a href=\"https:\/\/portskill.de\/index.php\/impressum\/\">Impressum<\/a><\/td>\n<\/tr>\n<tr>\n<th scope=\"row\">Zweck<\/th>\n<td>Speichert die Einstellungen der Besucher, die in der Cookie Box von Borlabs Cookie ausgew\u00e4hlt wurden.<\/td>\n<\/tr>\n<tr>\n<th scope=\"row\">Cookie Name<\/th>\n<td>borlabs-cookie<\/td>\n<\/tr>\n<tr>\n<th scope=\"row\">Cookie Laufzeit<\/th>\n<td>1 Jahr<\/td>\n<\/tr>\n<\/tbody>\n<\/table>\n<\/div>\n<h3 class=\"_brlbs _brlbs-cg-statistics\">Statistiken<\/h3>\n<p class=\"_brlbs _brlbs-cg-statistics\">Statistik Cookies erfassen Informationen anonym. Diese Informationen helfen uns zu verstehen, wie unsere Besucher unsere Website nutzen.<\/p>\n<h4 class=\"_brlbs _brlbs-c-google-analytics\">Google Analytics<\/h4>\n<div class=\"_brlbs-responsive-table\">\n<table class=\"_brlbs _brlbs-c-google-analytics\">\n<tbody>\n<tr>\n<th scope=\"row\">Name<\/th>\n<td>Google Analytics<\/td>\n<\/tr>\n<tr>\n<th scope=\"row\">Anbieter<\/th>\n<td>Google Ireland Limited, Gordon House, Barrow Street, Dublin 4, Ireland<\/td>\n<\/tr>\n<tr>\n<th scope=\"row\">Zweck<\/th>\n<td>Cookie von Google f\u00fcr Website-Analysen. Erzeugt statistische Daten dar\u00fcber, wie der Besucher die Website nutzt.<\/td>\n<\/tr>\n<tr>\n<th scope=\"row\">Datenschutzerkl\u00e4rung<\/th>\n<td><a href=\"https:\/\/policies.google.com\/privacy?hl=de\" target=\"_blank\" rel=\"nofollow noopener noreferrer\">https:\/\/policies.google.com\/privacy?hl=de<\/a><\/td>\n<\/tr>\n<tr>\n<th scope=\"row\">Cookie Name<\/th>\n<td>_ga,_gat,_gid<\/td>\n<\/tr>\n<tr>\n<th scope=\"row\">Cookie Laufzeit<\/th>\n<td>2 Jahre<\/td>\n<\/tr>\n<\/tbody>\n<\/table>\n<\/div>\n<h3 class=\"_brlbs _brlbs-cg-marketing\">Marketing<\/h3>\n<p class=\"_brlbs _brlbs-cg-marketing\">Marketing-Cookies werden von Drittanbietern oder Publishern verwendet, um personalisierte Werbung anzuzeigen. Sie tun dies, indem sie Besucher \u00fcber Websites hinweg verfolgen.<\/p>\n<h3 class=\"_brlbs _brlbs-cg-external-media\">Externe Medien<\/h3>\n<p class=\"_brlbs _brlbs-cg-external-media\">Inhalte von Videoplattformen und Social-Media-Plattformen werden standardm\u00e4\u00dfig blockiert. Wenn Cookies von externen Medien akzeptiert werden, bedarf der Zugriff auf diese Inhalte keiner manuellen Einwilligung mehr.<\/p>\n<h4 class=\"_brlbs _brlbs-c-facebook\">Facebook<\/h4>\n<div class=\"_brlbs-responsive-table\">\n<table class=\"_brlbs _brlbs-c-facebook\">\n<tbody>\n<tr>\n<th scope=\"row\">Name<\/th>\n<td>Facebook<\/td>\n<\/tr>\n<tr>\n<th scope=\"row\">Anbieter<\/th>\n<td>Meta Platforms Ireland Limited, 4 Grand Canal Square, Dublin 2, Ireland<\/td>\n<\/tr>\n<tr>\n<th scope=\"row\">Zweck<\/th>\n<td>Wird verwendet, um Facebook-Inhalte zu entsperren.<\/td>\n<\/tr>\n<tr>\n<th scope=\"row\">Datenschutzerkl\u00e4rung<\/th>\n<td><a href=\"https:\/\/www.facebook.com\/privacy\/explanation\" target=\"_blank\" rel=\"nofollow noopener noreferrer\">https:\/\/www.facebook.com\/privacy\/explanation<\/a><\/td>\n<\/tr>\n<tr>\n<th scope=\"row\">Host(s)<\/th>\n<td>.facebook.com<\/td>\n<\/tr>\n<\/tbody>\n<\/table>\n<\/div>\n<h4 class=\"_brlbs _brlbs-c-googlemaps\">Google Maps<\/h4>\n<div class=\"_brlbs-responsive-table\">\n<table class=\"_brlbs _brlbs-c-googlemaps\">\n<tbody>\n<tr>\n<th scope=\"row\">Name<\/th>\n<td>Google Maps<\/td>\n<\/tr>\n<tr>\n<th scope=\"row\">Anbieter<\/th>\n<td>Google Ireland Limited, Gordon House, Barrow Street, Dublin 4, Ireland<\/td>\n<\/tr>\n<tr>\n<th scope=\"row\">Zweck<\/th>\n<td>Wird zum Entsperren von Google Maps-Inhalten verwendet.<\/td>\n<\/tr>\n<tr>\n<th scope=\"row\">Datenschutzerkl\u00e4rung<\/th>\n<td><a href=\"https:\/\/policies.google.com\/privacy\" target=\"_blank\" rel=\"nofollow noopener noreferrer\">https:\/\/policies.google.com\/privacy<\/a><\/td>\n<\/tr>\n<tr>\n<th scope=\"row\">Host(s)<\/th>\n<td>.google.com<\/td>\n<\/tr>\n<tr>\n<th scope=\"row\">Cookie Name<\/th>\n<td>NID<\/td>\n<\/tr>\n<tr>\n<th scope=\"row\">Cookie Laufzeit<\/th>\n<td>6 Monate<\/td>\n<\/tr>\n<\/tbody>\n<\/table>\n<\/div>\n<h4 class=\"_brlbs _brlbs-c-instagram\">Instagram<\/h4>\n<div class=\"_brlbs-responsive-table\">\n<table class=\"_brlbs _brlbs-c-instagram\">\n<tbody>\n<tr>\n<th scope=\"row\">Name<\/th>\n<td>Instagram<\/td>\n<\/tr>\n<tr>\n<th scope=\"row\">Anbieter<\/th>\n<td>Meta Platforms Ireland Limited, 4 Grand Canal Square, Dublin 2, Ireland<\/td>\n<\/tr>\n<tr>\n<th scope=\"row\">Zweck<\/th>\n<td>Wird verwendet, um Instagram-Inhalte zu entsperren.<\/td>\n<\/tr>\n<tr>\n<th scope=\"row\">Datenschutzerkl\u00e4rung<\/th>\n<td><a href=\"https:\/\/www.instagram.com\/legal\/privacy\/\" target=\"_blank\" rel=\"nofollow noopener noreferrer\">https:\/\/www.instagram.com\/legal\/privacy\/<\/a><\/td>\n<\/tr>\n<tr>\n<th scope=\"row\">Host(s)<\/th>\n<td>.instagram.com<\/td>\n<\/tr>\n<tr>\n<th scope=\"row\">Cookie Name<\/th>\n<td>pigeon_state<\/td>\n<\/tr>\n<tr>\n<th scope=\"row\">Cookie Laufzeit<\/th>\n<td>Sitzung<\/td>\n<\/tr>\n<\/tbody>\n<\/table>\n<\/div>\n<h4 class=\"_brlbs _brlbs-c-openstreetmap\">OpenStreetMap<\/h4>\n<div class=\"_brlbs-responsive-table\">\n<table class=\"_brlbs _brlbs-c-openstreetmap\">\n<tbody>\n<tr>\n<th scope=\"row\">Name<\/th>\n<td>OpenStreetMap<\/td>\n<\/tr>\n<tr>\n<th scope=\"row\">Anbieter<\/th>\n<td>Openstreetmap Foundation, St John\u2019s Innovation Centre, Cowley Road, Cambridge CB4 0WS, United Kingdom<\/td>\n<\/tr>\n<tr>\n<th scope=\"row\">Zweck<\/th>\n<td>Wird verwendet, um OpenStreetMap-Inhalte zu entsperren.<\/td>\n<\/tr>\n<tr>\n<th scope=\"row\">Datenschutzerkl\u00e4rung<\/th>\n<td><a href=\"https:\/\/wiki.osmfoundation.org\/wiki\/Privacy_Policy\" target=\"_blank\" rel=\"nofollow noopener noreferrer\">https:\/\/wiki.osmfoundation.org\/wiki\/Privacy_Policy<\/a><\/td>\n<\/tr>\n<tr>\n<th scope=\"row\">Host(s)<\/th>\n<td>.openstreetmap.org<\/td>\n<\/tr>\n<tr>\n<th scope=\"row\">Cookie Name<\/th>\n<td>_osm_location, _osm_session, _osm_totp_token, _osm_welcome, _pk_id., _pk_ref., _pk_ses., qos_token<\/td>\n<\/tr>\n<tr>\n<th scope=\"row\">Cookie Laufzeit<\/th>\n<td>1-10 Jahre<\/td>\n<\/tr>\n<\/tbody>\n<\/table>\n<\/div>\n<h4 class=\"_brlbs _brlbs-c-twitter\">Twitter<\/h4>\n<div class=\"_brlbs-responsive-table\">\n<table class=\"_brlbs _brlbs-c-twitter\">\n<tbody>\n<tr>\n<th scope=\"row\">Name<\/th>\n<td>Twitter<\/td>\n<\/tr>\n<tr>\n<th scope=\"row\">Anbieter<\/th>\n<td>Twitter International Company, One Cumberland Place, Fenian Street, Dublin 2, D02 AX07, Ireland<\/td>\n<\/tr>\n<tr>\n<th scope=\"row\">Zweck<\/th>\n<td>Wird verwendet, um Twitter-Inhalte zu entsperren.<\/td>\n<\/tr>\n<tr>\n<th scope=\"row\">Datenschutzerkl\u00e4rung<\/th>\n<td><a href=\"https:\/\/twitter.com\/privacy\" target=\"_blank\" rel=\"nofollow noopener noreferrer\">https:\/\/twitter.com\/privacy<\/a><\/td>\n<\/tr>\n<tr>\n<th scope=\"row\">Host(s)<\/th>\n<td>.twimg.com, .twitter.com<\/td>\n<\/tr>\n<tr>\n<th scope=\"row\">Cookie Name<\/th>\n<td>__widgetsettings, local_storage_support_test<\/td>\n<\/tr>\n<tr>\n<th scope=\"row\">Cookie Laufzeit<\/th>\n<td>Unbegrenzt<\/td>\n<\/tr>\n<\/tbody>\n<\/table>\n<\/div>\n<h4 class=\"_brlbs _brlbs-c-vimeo\">Vimeo<\/h4>\n<div class=\"_brlbs-responsive-table\">\n<table class=\"_brlbs _brlbs-c-vimeo\">\n<tbody>\n<tr>\n<th scope=\"row\">Name<\/th>\n<td>Vimeo<\/td>\n<\/tr>\n<tr>\n<th scope=\"row\">Anbieter<\/th>\n<td>Vimeo Inc., 555 West 18th Street, New York, New York 10011, USA<\/td>\n<\/tr>\n<tr>\n<th scope=\"row\">Zweck<\/th>\n<td>Wird verwendet, um Vimeo-Inhalte zu entsperren.<\/td>\n<\/tr>\n<tr>\n<th scope=\"row\">Datenschutzerkl\u00e4rung<\/th>\n<td><a href=\"https:\/\/vimeo.com\/privacy\" target=\"_blank\" rel=\"nofollow noopener noreferrer\">https:\/\/vimeo.com\/privacy<\/a><\/td>\n<\/tr>\n<tr>\n<th scope=\"row\">Host(s)<\/th>\n<td>player.vimeo.com<\/td>\n<\/tr>\n<tr>\n<th scope=\"row\">Cookie Name<\/th>\n<td>vuid<\/td>\n<\/tr>\n<tr>\n<th scope=\"row\">Cookie Laufzeit<\/th>\n<td>2 Jahre<\/td>\n<\/tr>\n<\/tbody>\n<\/table>\n<\/div>\n<h4 class=\"_brlbs _brlbs-c-youtube\">YouTube<\/h4>\n<div class=\"_brlbs-responsive-table\">\n<table class=\"_brlbs _brlbs-c-youtube\">\n<tbody>\n<tr>\n<th scope=\"row\">Name<\/th>\n<td>YouTube<\/td>\n<\/tr>\n<tr>\n<th scope=\"row\">Anbieter<\/th>\n<td>Google Ireland Limited, Gordon House, Barrow Street, Dublin 4, Ireland<\/td>\n<\/tr>\n<tr>\n<th scope=\"row\">Zweck<\/th>\n<td>Wird verwendet, um YouTube-Inhalte zu entsperren.<\/td>\n<\/tr>\n<tr>\n<th scope=\"row\">Datenschutzerkl\u00e4rung<\/th>\n<td><a href=\"https:\/\/policies.google.com\/privacy\" target=\"_blank\" rel=\"nofollow noopener noreferrer\">https:\/\/policies.google.com\/privacy<\/a><\/td>\n<\/tr>\n<tr>\n<th scope=\"row\">Host(s)<\/th>\n<td>google.com<\/td>\n<\/tr>\n<tr>\n<th scope=\"row\">Cookie Name<\/th>\n<td>NID<\/td>\n<\/tr>\n<tr>\n<th scope=\"row\">Cookie Laufzeit<\/th>\n<td>6 Monate<\/td>\n<\/tr>\n<\/tbody>\n<\/table>\n<\/div>\n<\/div>\n<p><strong>Ihre Rechte auf Auskunft, Berichtigung, Sperre, L\u00f6schung und Widerspruch<\/strong><\/p>\n<p>Sie haben das Recht, jederzeit Auskunft \u00fcber Ihre bei uns gespeicherten personenbezogenen Daten zu erhalten. Ebenso haben Sie das Recht auf Berichtigung, Sperrung oder, abgesehen von der vorgeschriebenen Datenspeicherung zur Gesch\u00e4ftsabwicklung, L\u00f6schung Ihrer personenbezogenen Daten. Bitte wenden Sie sich dazu an unsere im Impressum angegebene Adresse.<\/p>\n<p>Damit eine Sperre von Daten jederzeit ber\u00fccksichtigt werden kann, m\u00fcssen diese Daten zu Kontrollzwecken in einer Sperrdatei vorgehalten werden. Sie k\u00f6nnen auch die L\u00f6schung der Daten verlangen, soweit keine gesetzliche Archivierungsverpflichtung besteht. Soweit eine solche Verpflichtung besteht, sperren wir Ihre Daten auf Wunsch.<\/p>\n<p>Sie k\u00f6nnen \u00c4nderungen oder den Widerruf einer Einwilligung durch entsprechende Mitteilung an uns mit Wirkung f\u00fcr die Zukunft vornehmen.<\/p>\n<p>Quelle:\u00a0<a href=\"https:\/\/www.activemind.de\/datenschutz\/datenschutzhinweis-generator\/\">Datenschutzerkl\u00e4rungs-Generator der activeMind AG<\/a>\u00a0<a href=\"https:\/\/www.activemind.de\/datenschutz\/datenschutzhinweis-generator\/\">https:\/\/www.activemind.de\/datenschutz\/datenschutzhinweis-generator\/<\/a><\/p>\n<p><strong>Datenschutz Google Analytics<\/strong><br \/>\nDiese Website benutzt Google Analytics, einen Webanalysedienst der Google Inc. (\u201eGoogle\u201c) Google Analytics verwendet sog. \u201eCookies\u201c, Textdateien, die auf Ihrem Computer gespeichert werden und die eine Analyse der Benutzung der Website durch Sie erm\u00f6glicht. Die durch den Cookie erzeugten Informationen \u00fcber Ihre Benutzung dieser Website (einschlie\u00dflich Ihrer IP-Adresse) wird an einen Server von Google in den USA \u00fcbertragen und dort gespeichert. Google wird diese Informationen benutzen, um Ihre Nutzung der Website auszuwerten, um Reports \u00fcber die Websiteaktivit\u00e4ten f\u00fcr die Websitebetreiber zusammenzustellen und um weitere mit der Websitenutzung und der Internetnutzung verbundene Dienstleistungen zu erbringen. Auch wird Google diese Informationen gegebenenfalls an Dritte \u00fcbertragen, sofern dies gesetzlich vorgeschrieben oder soweit Dritte diese Daten im Auftrag von Google verarbeiten. Google wird in keinem Fall Ihre IP-Adresse mit anderen Daten von Google in Verbindung bringen.<\/p>\n<p>Sie k\u00f6nnen die Installation der Cookies durch eine entsprechende Einstellung Ihrer Browser Software verhindern; wir weisen Sie jedoch darauf hin, dass Sie in diesem Fall gegebenenfalls nicht s\u00e4mtliche Funktionen dieser Website voll umf\u00e4nglich nutzen k\u00f6nnen. Durch die Nutzung dieser Website erkl\u00e4ren Sie sich mit der Bearbeitung der \u00fcber Sie erhobenen Daten durch Google in der zuvor beschriebenen Art und Weise und zu dem zuvor benannten Zweck einverstanden.<br \/>\nDer Datenerhebung und -speicherung mittels Google Analytics k\u00f6nnen Sie jederzeit mit Wirkung f\u00fcr die Zukunft widersprechen. Der Widerspruch ist an unsere im Impressum angegebene Adresse zu richten. Sie k\u00f6nnen auch das\u00a0<a href=\"https:\/\/tools.google.com\/dlpage\/gaoptout?hl=de\" target=\"_blank\" rel=\"noopener\">Deaktivierungs-Add-on von Google Analytics<\/a>\u00a0verwenden, sofern es f\u00fcr Ihren Browser verf\u00fcgbar ist.<\/p>\n<p><strong>Datenschutz YouTube<\/strong><br \/>\nAuf dieser Website k\u00f6nnen Sie sich Videos anschauen, die in YouTube ver\u00f6ffentlicht sind. YouTube geh\u00f6rt zur Google Inc., ans\u00e4ssig in San Bruno\/Kalifornien, USA. Wenn Sie das Video starten, wird eine Verbindung zu den Servern von YouTube aufgebaut. Hierbei wird dem Youtube-Server mitgeteilt, welche Website unserer Internetpr\u00e4senz von Ihnen besucht wurde. Falls Sie sich mit Ihrem Google-Account eingeloggt haben, erm\u00f6glichen Sie YouTube Ihr Surfverhalten direkt Ihrem pers\u00f6nlichen Profil zuzuordnen. M\u00f6chten Sie kein Surfverhalten \u00fcbermitteln, loggen Sie sich aus Ihrem Account aus. M\u00f6chten Sie weitere Informationen zum Datenschutz von YouTube erhalten, klicken Sie bitte hier:\u00a0<a href=\"https:\/\/www.google.de\/intl\/de\/policies\/privacy\/\" target=\"_blank\" rel=\"noopener\">www.google.de\/intl\/de\/policies\/privacy<\/a><\/p>\n<p><strong>Datenschutz Facebook<\/strong><br \/>\nAuf unseren Seiten sind Plugins des sozialen Netzwerks Facebook, 1601 South California Avenue, Palo Alto, CA 94304, USA integriert. Die Facebook-Plugins erkennen Sie an dem Facebook-Logo oder dem \u201cLike-Button\u201c (\u201cGef\u00e4llt mir\u201c) auf unserer Seite. Eine \u00dcbersicht \u00fcber die Facebook-Plugins finden Sie hier:\u00a0<a href=\"http:\/\/developers.facebook.com\/docs\/plugins\/\" target=\"_blank\" rel=\"noopener\">http:\/\/developers.facebook.com\/docs\/plugins\/<\/a>\u00a0Wenn Sie unsere Seiten besuchen, wird \u00fcber das Plugin eine direkte Verbindung zwischen unserem Browser und dem Facebook-Server hergestellt. Facebook erh\u00e4lt dadurch die Information, dass Sie mit Ihrer IP-Adresse unsere Seite besucht haben.<\/p>\n<p>Wenn Sie den Facebook \u201eLike-Button\u201c anklicken w\u00e4hrend Sie in Ihrem Facebook-Account eingeloggt sind, k\u00f6nnen Sie die Inhalte unserer Seiten auf Ihrem Facebook-Profil verlinken. Dadurch kann Facebook den Besuch unserer Seiten Ihrem Benutzerkonto zuordnen. Wir weisen darauf hin, dass wir als Anbieter der Seiten keine Kenntnis vom Inhalt der \u00fcbermittelten Daten sowie deren Nutzung durch Facebook erhalten. Weitere Informationen hierzu finden Sie in der Datenschutzerkl\u00e4rung von facebook unter\u00a0<a href=\"http:\/\/de-de.facebook.com\/policy.php\" target=\"_blank\" rel=\"noopener\">http:\/\/de-de.facebook.com\/policy.php<\/a>.<br \/>\nWenn Sie nicht w\u00fcnschen, dass Facebook den Besuch unserer Seiten Ihrem Facebook-Nutzerkonto zuordnen kann, loggen Sie sich bitte aus Ihrem Facebook-Benutzerkonto aus.<br \/>\nQuelle:\u00a0<a href=\"http:\/\/erecht24.de\/\" target=\"_blank\" rel=\"noopener\">eRecht24.de<\/a><\/p>\n<p><strong>Datenschutz Twitter<\/strong><br \/>\nUnsere Internetseite enth\u00e4lt Funktionen der Twitter Inc., 795 Folsom Street, Suite 600, San Francisco, CA 94107, USA. Wenn Sie Twitter und insbesondere die Funktion \u201eRe-Tweet\u201c verwenden, verkn\u00fcpft Twitter Ihr Twitter-Account mit den von Ihnen frequentierten Internetseiten. Dies wird anderen Nutzern bei Twitter, insbesondere Ihren Followern bekannt gegeben. Auf diesem Weg findet auch eine Daten\u00fcbertragung an Twitter statt.<\/p>\n<p>Wir, als Anbieter unserer Internetseite, werden von Twitter nicht \u00fcber den Inhalt der \u00fcbertragenen Daten bzw. der Datennutzung informiert. Unter dem nachfolgenden Link k\u00f6nnen Sie sich weitergehend informieren:\u00a0<a href=\"http:\/\/twitter.com\/privacy\" target=\"_blank\" rel=\"noopener\">http:\/\/twitter.com\/privacy<\/a><br \/>\nBitte beachten Sie jedoch, dass Sie die M\u00f6glichkeit haben, Ihre Datenschutzeinstellungen bei Twitter in Ihren dortigen Konto-Einstellungen unter\u00a0<a href=\"http:\/\/twitter.com\/account\/settings\" target=\"_blank\" rel=\"noopener\">http:\/\/twitter.com\/account\/settings<\/a>\u00a0zu ver\u00e4ndern.<\/p>\n<p>Angabe der Quelle: Flegl Rechtsanw\u00e4lte GmbH<\/p>\n<p><strong>Datenschutz XING<\/strong><br \/>\nDiese Website verwendet den \u201eShare-Button\u201c von XING. Daher wird beim Aufruf dieser Website \u00fcber Ihren Browser eine Verbindung zu den Servern der XING AG, G\u00e4nsemarkt 43, 20354 Hamburg, Deutschland, hergestellt. Damit werden die Share-Funktionen (z.B. die Anzeige des Z\u00e4hlerwerts) erbracht. Eine Speicherung von personenbezogenen Daten von Ihnen \u00fcber den Aufruf dieser Website wird dabei nicht vorgenommen. Insbesondere werden von XING keine IP-Adressen gespeichert. Ebensowenig wird Ihr Nutzungsverhalten ausgewertet. Die aktuellen Informationen zum Datenschutz hinsichtlich des \u201eShare-Buttons\u201c sowie weitere diesbez\u00fcglich relevante Informationen k\u00f6nnen Sie unter\u00a0<a href=\"https:\/\/www.xing.com\/app\/share?op=data_protection\" target=\"_blank\" rel=\"noopener\">https:\/\/www.xing.com\/app\/share?op=data_protection<\/a>\u00a0nachlesen.<\/p>\n<p>Angabe der Quelle: Flegl Rechtsanw\u00e4lte GmbH<\/p>\n<\/div><\/section>\n","protected":false},"excerpt":{"rendered":"","protected":false},"author":3,"featured_media":0,"parent":0,"menu_order":0,"comment_status":"closed","ping_status":"closed","template":"","meta":{"footnotes":""},"class_list":["post-885","page","type-page","status-publish","hentry"],"_links":{"self":[{"href":"https:\/\/portskill.de\/index.php\/wp-json\/wp\/v2\/pages\/885","targetHints":{"allow":["GET"]}}],"collection":[{"href":"https:\/\/portskill.de\/index.php\/wp-json\/wp\/v2\/pages"}],"about":[{"href":"https:\/\/portskill.de\/index.php\/wp-json\/wp\/v2\/types\/page"}],"author":[{"embeddable":true,"href":"https:\/\/portskill.de\/index.php\/wp-json\/wp\/v2\/users\/3"}],"replies":[{"embeddable":true,"href":"https:\/\/portskill.de\/index.php\/wp-json\/wp\/v2\/comments?post=885"}],"version-history":[{"count":1,"href":"https:\/\/portskill.de\/index.php\/wp-json\/wp\/v2\/pages\/885\/revisions"}],"predecessor-version":[{"id":886,"href":"https:\/\/portskill.de\/index.php\/wp-json\/wp\/v2\/pages\/885\/revisions\/886"}],"wp:attachment":[{"href":"https:\/\/portskill.de\/index.php\/wp-json\/wp\/v2\/media?parent=885"}],"curies":[{"name":"wp","href":"https:\/\/api.w.org\/{rel}","templated":true}]}}